{"id":12537,"date":"2023-01-31T12:47:04","date_gmt":"2023-01-31T11:47:04","guid":{"rendered":"https:\/\/daimiel.desarrollopaginaweb.es\/?page_id=12537"},"modified":"2023-01-31T13:52:26","modified_gmt":"2023-01-31T12:52:26","slug":"politica-de-privacidad","status":"publish","type":"page","link":"https:\/\/daimielturismo.com\/en\/politica-de-privacidad\/","title":{"rendered":"Privacy policy"},"content":{"rendered":"<div data-elementor-type=\"wp-page\" data-elementor-id=\"12537\" class=\"elementor elementor-12537\">\n\t\t\t\t\t\t\t\t\t<section class=\"elementor-section elementor-top-section elementor-element elementor-element-63189779 elementor-section-boxed elementor-section-height-default elementor-section-height-default\" data-id=\"63189779\" data-element_type=\"section\" data-settings=\"{&quot;background_background&quot;:&quot;classic&quot;}\">\n\t\t\t\t\t\t<div class=\"elementor-container elementor-column-gap-default\">\n\t\t\t\t\t<div class=\"elementor-column elementor-col-100 elementor-top-column elementor-element elementor-element-1a4e429f\" data-id=\"1a4e429f\" data-element_type=\"column\">\n\t\t\t<div class=\"elementor-widget-wrap elementor-element-populated\">\n\t\t\t\t\t\t\t\t<div class=\"elementor-element elementor-element-e4775f8 elementor-widget elementor-widget-spacer\" data-id=\"e4775f8\" data-element_type=\"widget\" data-widget_type=\"spacer.default\">\n\t\t\t\t<div class=\"elementor-widget-container\">\n\t\t\t\t\t<div class=\"elementor-spacer\">\n\t\t\t<div class=\"elementor-spacer-inner\"><\/div>\n\t\t<\/div>\n\t\t\t\t<\/div>\n\t\t\t\t<\/div>\n\t\t\t\t<div class=\"elementor-element elementor-element-6d42e6bc elementor-widget elementor-widget-heading\" data-id=\"6d42e6bc\" data-element_type=\"widget\" data-widget_type=\"heading.default\">\n\t\t\t\t<div class=\"elementor-widget-container\">\n\t\t\t<h2 class=\"elementor-heading-title elementor-size-default\">Privacy policy<\/h2>\t\t<\/div>\n\t\t\t\t<\/div>\n\t\t\t\t<div class=\"elementor-element elementor-element-1495abc5 elementor-widget elementor-widget-spacer\" data-id=\"1495abc5\" data-element_type=\"widget\" data-widget_type=\"spacer.default\">\n\t\t\t\t<div class=\"elementor-widget-container\">\n\t\t\t\t\t<div class=\"elementor-spacer\">\n\t\t\t<div class=\"elementor-spacer-inner\"><\/div>\n\t\t<\/div>\n\t\t\t\t<\/div>\n\t\t\t\t<\/div>\n\t\t\t\t\t<\/div>\n\t\t<\/div>\n\t\t\t\t\t\t\t<\/div>\n\t\t<\/section>\n\t\t\t\t<section class=\"elementor-section elementor-top-section elementor-element elementor-element-3527667 elementor-section-boxed elementor-section-height-default elementor-section-height-default\" data-id=\"3527667\" data-element_type=\"section\">\n\t\t\t\t\t\t<div class=\"elementor-container elementor-column-gap-default\">\n\t\t\t\t\t<div class=\"elementor-column elementor-col-100 elementor-top-column elementor-element elementor-element-2a317f24\" data-id=\"2a317f24\" data-element_type=\"column\">\n\t\t\t<div class=\"elementor-widget-wrap elementor-element-populated\">\n\t\t\t\t\t\t\t\t<div class=\"elementor-element elementor-element-19f1b2bb elementor-widget elementor-widget-text-editor\" data-id=\"19f1b2bb\" data-element_type=\"widget\" data-widget_type=\"text-editor.default\">\n\t\t\t\t<div class=\"elementor-widget-container\">\n\t\t\t\t\t\t\t<p><strong>IDENTIFICATION OF THE CONTROLLER.<\/strong><\/p><p>\u2022Owner: Tablas de Daimiel Tourist Association<\/p><p>\u2022NIF\/CIF: G13512298<\/p><p>\u2022Address: Calle Antonio L\u00f3pez, 14,\u00a0<span style=\"color: var(--text-1); font-family: var(--font-text);\">Daimiel Ciudad Real,\u00a0<\/span><span style=\"color: var(--text-1); font-family: var(--font-text);\">13250<\/span><\/p><p>\u2022Telephone: +34\u00a0<a style=\"font-family: Mulish; text-align: center; background-color: #fffefe;\" href=\"tel:606401278\">606 40 12 78<\/a><\/p><p>\u2022Email:\u00a0<a style=\"font-family: Mulish; text-align: center; background-color: #fffefe;\" href=\"mailto:presidente.attd@gmail.com\">presidente.attd@gmail.com<\/a><\/p><p><strong>\u00a0<\/strong><\/p><p><strong>INFORMATION<\/strong><\/p><p>By accepting this Privacy Policy, the user (hereinafter the \"User\") is informed and gives his\/her free, informed, specific and unequivocal consent for the personal data provided through the website daimielturismo.com (hereinafter the \"Website\") to be processed by Asociaci\u00f3n tur\u00edstica Tablas de Daimiel.<\/p><p><strong>\u00a0<\/strong><\/p><p><strong>PURPOSES OF PROCESSING AND DATA RETENTION PERIODS.<\/strong><\/p><p><span style=\"color: var(--text-1); font-family: var(--font-text);\">Tablas de Daimiel Tourist Association<\/span>\u00a0will process the information provided by the User through the Website in accordance with the following purposes:<\/p><p>\u2022 Gestionar el registro del Usuario, as\u00ed como permitirle el acceso a los servicios ofrecidos en el \u00e1rea de Contrataci\u00f3n, gestionar una cita, llevar a cabo la ejecuci\u00f3n de los servicios contratados y el mantenimiento de la relaci\u00f3n contractual. Los datos del Usuario ser\u00e1n conservados con ese fin durante todo el tiempo en que la relaci\u00f3n contractual est\u00e9 vigente y, a\u00fan despu\u00e9s, durante todo el tiempo exigido por la legislaci\u00f3n aplicable y hasta que prescriban las eventuales responsabilidades derivadas del contrato, a los efectos de la formulaci\u00f3n, el ejercicio o la defensa de eventuales reclamaciones.<\/p><p>\u2022 Manage, process and respond to requests, applications, incidents or queries from the User, when the User provides their data through the contact forms and email addresses provided for this purpose on the Website or through the chatbots provided for this purpose. The User's data will be kept for this purpose until the User opposes or revokes their consent.<\/p><p>\u2022 Manage the sending of commercial communications, adjusted to a profile on their behaviour and personal preferences based on data obtained from own and third party sources, about products and\/or services of the Tablas de Daimiel Tourist Association by electronic and\/or conventional means, when the User authorises it by ticking the corresponding box, through the contact forms. If applicable, the User's data will be processed in accordance with the aforementioned purpose until the User opposes or revokes their consent.<\/p><p><strong>\u00a0<\/strong><\/p><p><strong>DATA PROCESSED.<\/strong><\/p><p>The Tablas de Daimiel Tourist Association will process the following categories of User data:<\/p><p>\u2022 Identification data: contact name, ID card number, company, VAT ID number<\/p><p>\u2022 Contact details: postal address, e-mail address, telephone number, etc.<\/p><p><strong>\u00a0<\/strong><\/p><p><strong>LEGITIMISATION OF DATA PROCESSING.<\/strong><\/p><p>The processing of the data of the data subject by Asociaci\u00f3n tur\u00edstica Tablas de Daimiel to carry out the provision of the contracted services is based on the execution of the contract, so that the provision of the data for this purpose is obligatory and would prevent its fulfilment otherwise. However, the processing of your specially protected data, the processing of data relating to criminal offences, is based on the data subject's consent, which is provided by accepting this policy by ticking the relevant box. In the event that the interested party withdraws their consent, Asociaci\u00f3n tur\u00edstica Tablas de Daimiel will not be able to provide the services contracted.<\/p><p>On the other hand, the processing of your data for the sending of commercial communications based on the elaboration of a commercial profile is based on consent, which you grant by ticking the corresponding box. Processing for carrying out satisfaction surveys is based on the legitimate interest of the company.<\/p><p>On the other hand, the legitimacy of the processing to respond to the requests, applications, incidents or queries of the User for the processing of Curriculum Vitae is based on the consent that is requested and that can be withdrawn at any time.<\/p><p>The consents obtained for the aforementioned purposes are independent and the User may revoke only one of them without affecting the others.<\/p><p><strong>\u00a0<\/strong><\/p><p><strong>RESPONSIBILITY OF THE USER.<\/strong><\/p><p>The User:<\/p><p>\u2022 You guarantee that you are over 18 years of age and that the information you provide to Asociaci\u00f3n tur\u00edstica Tablas de Daimiel is true, accurate, complete and up to date. To this effect, the User is responsible for the veracity of all the data provided and will keep the information provided suitably updated, in such a way that it corresponds to his\/her real situation. This page is NOT aimed at minors and in the event that Asociaci\u00f3n tur\u00edstica Tablas de Daimiel suspects or becomes aware at any time of a registration or sending of data by a minor, it will proceed to cancel the registration and prevent access to or use of the corresponding products, services or content by said person.<\/p><p>\u2022 You guarantee that you have informed the third parties from whom you provide your data, if you do so, of the aspects contained in this document. Likewise, you guarantee that you have obtained their authorisation to provide their data to Asociaci\u00f3n tur\u00edstica Tablas de Daimiel for the aforementioned purposes.<\/p><p>\u2022 You will be responsible for any false or inaccurate information you provide through the Website and for any damages, direct or indirect, that this may cause to Asociaci\u00f3n tur\u00edstica Tablas de Daimiel or to third parties.<\/p><p><strong>\u00a0<\/strong><\/p><p><strong>COMMERCIAL AND PROMOTIONAL COMMUNICATIONS.<\/strong><\/p><p>One of the purposes for which the Tablas de Daimiel Tourist Association processes the personal data provided by Users is to send them electronic communications with information relating to products, services, promotions, offers, events or news relevant to Users. Whenever any communication of this type is sent, it will be addressed solely and exclusively to those Users who have previously given their consent to receive the same.<\/p><p>If the User wishes to stop receiving commercial or promotional communications from Asociaci\u00f3n tur\u00edstica Tablas de Daimiel, he\/she may request cancellation of the service by clicking on the link included in the electronic communication or by sending an e-mail to the following address:\u00a0<a style=\"font-family: Mulish; text-align: center; background-color: #fffefe;\" href=\"mailto:presidente.attd@gmail.com\">presidente.attd@gmail.com<\/a><\/p><p><strong>\u00a0<\/strong><\/p><p><strong>USERS' RIGHTS.<\/strong><\/p><p>The User can send a request via e-mail to\u00a0<a style=\"font-family: Mulish; text-align: center; background-color: #fffefe;\" href=\"mailto:presidente.attd@gmail.com\">presidente.attd@gmail.com<\/a>, the data protection\" reference, enclosing a photocopy of your identity document in case you are a natural person or enclosing a company document, at any time and free of charge, to:<\/p><p>\u2022 R\u00e9voquer les consentements accord\u00e9s.<\/p><p>\u2022 Accessing your data<\/p><p>\u2022 Rectify inaccurate or incomplete data.<\/p><p>\u2022 Request the deletion of your data when, among other reasons, the data are no longer necessary for the purposes for which they were collected.<\/p><p>\u2022 Obtain from the Tablas de Daimiel Tourist Association the limitation of data processing when any of the conditions provided for in the data protection regulations are met.<\/p><p>\u2022 Request the portability of your data.<\/p><p>\u2022 Complain to the Spanish Data Protection Agency (AEPD), through the website www.aepd.es when you consider that the Tablas de Daimiel Tourist Association has infringed the rights recognised by the applicable data protection regulations.<\/p><p><span style=\"color: var(--text-1); font-family: var(--font-text);\">Tablas de Daimiel Tourist Association<\/span>\u00a0shall respond to the request and inform the User of the action taken within one month of receipt. This period may be extended by a maximum of two additional months if necessary, taking into account the complexity and number of requests.<\/p><p><span style=\"color: var(--text-1); font-family: var(--font-text);\">Tablas de Daimiel Tourist Association<\/span> will inform the User of any such extension within one month of receipt of the request. Asociaci\u00f3n tur\u00edstica Tablas de Daimiel will respond to requests through the same channel used by the User, unless the User provides otherwise.<\/p>\t\t\t\t\t\t<\/div>\n\t\t\t\t<\/div>\n\t\t\t\t\t<\/div>\n\t\t<\/div>\n\t\t\t\t\t\t\t<\/div>\n\t\t<\/section>\n\t\t\t\t\t\t\t<\/div>","protected":false},"excerpt":{"rendered":"<p>Pol\u00edtica de privacidad IDENTIFICACI\u00d3N DEL RESPONSABLE DEL TRATAMIENTO. \u2022Titular: Asociaci\u00f3n tur\u00edstica Tablas de Daimiel \u2022NIF\/CIF: G13512298 \u2022Direcci\u00f3n:\u00a0Calle Antonio L\u00f3pez, 14,\u00a0Daimiel Ciudad Real,\u00a013250 \u2022Tel\u00e9fono: +34\u00a0606 40 12 78 \u2022Correo:\u00a0presidente.attd@gmail.com \u00a0 INFORMACI\u00d3N Mediante la aceptaci\u00f3n de la presente Pol\u00edtica de Privacidad, el usuario (en adelante el \u201cUsuario\u201d) queda informado y presta su consentimiento libre, informado, espec\u00edfico e [&hellip;]<\/p>","protected":false},"author":1,"featured_media":0,"parent":0,"menu_order":0,"comment_status":"closed","ping_status":"closed","template":"","meta":[],"_links":{"self":[{"href":"https:\/\/daimielturismo.com\/en\/wp-json\/wp\/v2\/pages\/12537"}],"collection":[{"href":"https:\/\/daimielturismo.com\/en\/wp-json\/wp\/v2\/pages"}],"about":[{"href":"https:\/\/daimielturismo.com\/en\/wp-json\/wp\/v2\/types\/page"}],"author":[{"embeddable":true,"href":"https:\/\/daimielturismo.com\/en\/wp-json\/wp\/v2\/users\/1"}],"replies":[{"embeddable":true,"href":"https:\/\/daimielturismo.com\/en\/wp-json\/wp\/v2\/comments?post=12537"}],"version-history":[{"count":7,"href":"https:\/\/daimielturismo.com\/en\/wp-json\/wp\/v2\/pages\/12537\/revisions"}],"predecessor-version":[{"id":12599,"href":"https:\/\/daimielturismo.com\/en\/wp-json\/wp\/v2\/pages\/12537\/revisions\/12599"}],"wp:attachment":[{"href":"https:\/\/daimielturismo.com\/en\/wp-json\/wp\/v2\/media?parent=12537"}],"curies":[{"name":"wp","href":"https:\/\/api.w.org\/{rel}","templated":true}]}}