{"id":12537,"date":"2023-01-31T12:47:04","date_gmt":"2023-01-31T11:47:04","guid":{"rendered":"https:\/\/daimiel.desarrollopaginaweb.es\/?page_id=12537"},"modified":"2023-01-31T13:52:26","modified_gmt":"2023-01-31T12:52:26","slug":"politica-de-privacidad","status":"publish","type":"page","link":"https:\/\/daimielturismo.com\/fr\/politica-de-privacidad\/","title":{"rendered":"Politique de confidentialit\u00e9"},"content":{"rendered":"<div data-elementor-type=\"wp-page\" data-elementor-id=\"12537\" class=\"elementor elementor-12537\">\n\t\t\t\t\t\t\t\t\t<section class=\"elementor-section elementor-top-section elementor-element elementor-element-63189779 elementor-section-boxed elementor-section-height-default elementor-section-height-default\" data-id=\"63189779\" data-element_type=\"section\" data-settings=\"{&quot;background_background&quot;:&quot;classic&quot;}\">\n\t\t\t\t\t\t<div class=\"elementor-container elementor-column-gap-default\">\n\t\t\t\t\t<div class=\"elementor-column elementor-col-100 elementor-top-column elementor-element elementor-element-1a4e429f\" data-id=\"1a4e429f\" data-element_type=\"column\">\n\t\t\t<div class=\"elementor-widget-wrap elementor-element-populated\">\n\t\t\t\t\t\t\t\t<div class=\"elementor-element elementor-element-e4775f8 elementor-widget elementor-widget-spacer\" data-id=\"e4775f8\" data-element_type=\"widget\" data-widget_type=\"spacer.default\">\n\t\t\t\t<div class=\"elementor-widget-container\">\n\t\t\t\t\t<div class=\"elementor-spacer\">\n\t\t\t<div class=\"elementor-spacer-inner\"><\/div>\n\t\t<\/div>\n\t\t\t\t<\/div>\n\t\t\t\t<\/div>\n\t\t\t\t<div class=\"elementor-element elementor-element-6d42e6bc elementor-widget elementor-widget-heading\" data-id=\"6d42e6bc\" data-element_type=\"widget\" data-widget_type=\"heading.default\">\n\t\t\t\t<div class=\"elementor-widget-container\">\n\t\t\t<h2 class=\"elementor-heading-title elementor-size-default\">Politique de confidentialit\u00e9<\/h2>\t\t<\/div>\n\t\t\t\t<\/div>\n\t\t\t\t<div class=\"elementor-element elementor-element-1495abc5 elementor-widget elementor-widget-spacer\" data-id=\"1495abc5\" data-element_type=\"widget\" data-widget_type=\"spacer.default\">\n\t\t\t\t<div class=\"elementor-widget-container\">\n\t\t\t\t\t<div class=\"elementor-spacer\">\n\t\t\t<div class=\"elementor-spacer-inner\"><\/div>\n\t\t<\/div>\n\t\t\t\t<\/div>\n\t\t\t\t<\/div>\n\t\t\t\t\t<\/div>\n\t\t<\/div>\n\t\t\t\t\t\t\t<\/div>\n\t\t<\/section>\n\t\t\t\t<section class=\"elementor-section elementor-top-section elementor-element elementor-element-3527667 elementor-section-boxed elementor-section-height-default elementor-section-height-default\" data-id=\"3527667\" data-element_type=\"section\">\n\t\t\t\t\t\t<div class=\"elementor-container elementor-column-gap-default\">\n\t\t\t\t\t<div class=\"elementor-column elementor-col-100 elementor-top-column elementor-element elementor-element-2a317f24\" data-id=\"2a317f24\" data-element_type=\"column\">\n\t\t\t<div class=\"elementor-widget-wrap elementor-element-populated\">\n\t\t\t\t\t\t\t\t<div class=\"elementor-element elementor-element-19f1b2bb elementor-widget elementor-widget-text-editor\" data-id=\"19f1b2bb\" data-element_type=\"widget\" data-widget_type=\"text-editor.default\">\n\t\t\t\t<div class=\"elementor-widget-container\">\n\t\t\t\t\t\t\t<p><strong>L'IDENTIFICATION DU CONTR\u00d4LEUR.<\/strong><\/p><p>\u2022Propri\u00e9taire : Tablas de Daimiel Tourist Association<\/p><p>\u2022NIF\/CIF: G13512298<\/p><p>\u2022Adresse : Calle Antonio L\u00f3pez, 14,\u00a0<span style=\"color: var(--text-1); font-family: var(--font-text);\">Daimiel Ciudad Real,\u00a0<\/span><span style=\"color: var(--text-1); font-family: var(--font-text);\">13250<\/span><\/p><p>\u2022T\u00e9l\u00e9phone: +34\u00a0<a style=\"font-family: Mulish; text-align: center; background-color: #fffefe;\" href=\"tel:606401278\">606 40 12 78<\/a><\/p><p>\u2022E-mail:\u00a0<a style=\"font-family: Mulish; text-align: center; background-color: #fffefe;\" href=\"mailto:presidente.attd@gmail.com\">presidente.attd@gmail.com<\/a><\/p><p><strong>\u00a0<\/strong><\/p><p><strong>INFORMATION<\/strong><\/p><p>En acceptant cette politique de confidentialit\u00e9, l'utilisateur (ci-apr\u00e8s \"l'utilisateur\") est inform\u00e9 et donne son consentement libre, \u00e9clair\u00e9, sp\u00e9cifique et sans \u00e9quivoque au traitement par l'Asociaci\u00f3n tur\u00edstica Tablas de Daimiel des donn\u00e9es personnelles fournies par le biais du site web daimielturismo.com (ci-apr\u00e8s \"le site web\").<\/p><p><strong>\u00a0<\/strong><\/p><p><strong>LES FINALIT\u00c9S DU TRAITEMENT ET LES P\u00c9RIODES DE CONSERVATION DES DONN\u00c9ES.<\/strong><\/p><p><span style=\"color: var(--text-1); font-family: var(--font-text);\">Association touristique Tablas de Daimiel<\/span>\u00a0traitera les informations fournies par l'utilisateur par l'interm\u00e9diaire du site Web conform\u00e9ment aux objectifs suivants :<\/p><p>\u2022 Gestionar el registro del Usuario, as\u00ed como permitirle el acceso a los servicios ofrecidos en el \u00e1rea de Contrataci\u00f3n, gestionar una cita, llevar a cabo la ejecuci\u00f3n de los servicios contratados y el mantenimiento de la relaci\u00f3n contractual. Los datos del Usuario ser\u00e1n conservados con ese fin durante todo el tiempo en que la relaci\u00f3n contractual est\u00e9 vigente y, a\u00fan despu\u00e9s, durante todo el tiempo exigido por la legislaci\u00f3n aplicable y hasta que prescriban las eventuales responsabilidades derivadas del contrato, a los efectos de la formulaci\u00f3n, el ejercicio o la defensa de eventuales reclamaciones.<\/p><p>\u2022 Manage, process and respond to requests, applications, incidents or queries from the User, when the User provides their data through the contact forms and email addresses provided for this purpose on the Website or through the chatbots provided for this purpose. The User's data will be kept for this purpose until the User opposes or revokes their consent.<\/p><p>\u2022 G\u00e9rer l'envoi de communications commerciales, adapt\u00e9es \u00e0 un profil de comportement et de pr\u00e9f\u00e9rences personnelles bas\u00e9 sur des donn\u00e9es obtenues de sources propres et tierces, concernant des produits et\/ou des services de l'association touristique des Tablas de Daimiel par des moyens \u00e9lectroniques et\/ou conventionnels, lorsque l'utilisateur l'autorise en cochant la case correspondante, par le biais des formulaires de contact. Le cas \u00e9ch\u00e9ant, les donn\u00e9es de l'Utilisateur seront trait\u00e9es conform\u00e9ment \u00e0 la finalit\u00e9 susmentionn\u00e9e jusqu'\u00e0 ce que l'Utilisateur s'oppose ou r\u00e9voque son consentement.<\/p><p><strong>\u00a0<\/strong><\/p><p><strong>DONN\u00c9ES TRAIT\u00c9ES.<\/strong><\/p><p>L'association touristique Tablas de Daimiel traitera les cat\u00e9gories suivantes de donn\u00e9es d'utilisateur :<\/p><p>\u2022 Donn\u00e9es d'identification : nom du contact, num\u00e9ro de la carte d'identit\u00e9, entreprise, num\u00e9ro d'identification TVA<\/p><p>\u2022 Coordonn\u00e9es : adresse postale, adresse \u00e9lectronique, num\u00e9ro de t\u00e9l\u00e9phone, etc.<\/p><p><strong>\u00a0<\/strong><\/p><p><strong>LA L\u00c9GITIMATION DU TRAITEMENT DES DONN\u00c9ES.<\/strong><\/p><p>Le traitement des donn\u00e9es de la personne concern\u00e9e par l'Asociaci\u00f3n tur\u00edstica Tablas de Daimiel pour effectuer la prestation des services contract\u00e9s est bas\u00e9 sur l'ex\u00e9cution du contrat, de sorte que la fourniture des donn\u00e9es \u00e0 cette fin est obligatoire et emp\u00eacherait son ex\u00e9cution dans le cas contraire. Toutefois, le traitement de vos donn\u00e9es sp\u00e9cialement prot\u00e9g\u00e9es, le traitement des donn\u00e9es relatives aux infractions p\u00e9nales, est bas\u00e9 sur le consentement de la personne concern\u00e9e, qui est fourni en acceptant cette politique en cochant la case correspondante. Au cas o\u00f9 l'int\u00e9ress\u00e9 retirerait son consentement, Asociaci\u00f3n tur\u00edstica Tablas de Daimiel ne serait pas en mesure de fournir les services contract\u00e9s.<\/p><p>En revanche, le traitement de vos donn\u00e9es pour l'envoi de communications commerciales sur la base de l'\u00e9laboration d'un profil commercial est fond\u00e9 sur le consentement que vous donnez en cochant la case correspondante. Le traitement pour la r\u00e9alisation d'enqu\u00eates de satisfaction est bas\u00e9 sur l'int\u00e9r\u00eat l\u00e9gitime de l'entreprise.<\/p><p>D'autre part, la l\u00e9gitimit\u00e9 du traitement pour r\u00e9pondre aux demandes, requ\u00eates, incidents ou questions de l'utilisateur concernant le traitement de son curriculum vitae est fond\u00e9e sur le consentement qui est demand\u00e9 et qui peut \u00eatre retir\u00e9 \u00e0 tout moment.<\/p><p>Les consentements obtenus aux fins susmentionn\u00e9es sont ind\u00e9pendants et l'utilisateur peut r\u00e9voquer un seul d'entre eux sans que cela n'affecte les autres.<\/p><p><strong>\u00a0<\/strong><\/p><p><strong>RESPONSABILIT\u00c9 DE L'UTILISATEUR.<\/strong><\/p><p>L'utilisateur :<\/p><p>\u2022 Vous garantissez que vous avez plus de 18 ans et que les informations que vous fournissez \u00e0 l'Asociaci\u00f3n tur\u00edstica Tablas de Daimiel sont vraies, exactes, compl\u00e8tes et \u00e0 jour. \u00c0 cet effet, l'utilisateur est responsable de la v\u00e9racit\u00e9 de toutes les donn\u00e9es fournies et s'engage \u00e0 maintenir l'information fournie \u00e0 jour, de mani\u00e8re \u00e0 ce qu'elle corresponde \u00e0 sa situation r\u00e9elle. Cette page n'est PAS destin\u00e9e aux mineurs et dans le cas o\u00f9 Asociaci\u00f3n tur\u00edstica Tablas de Daimiel soup\u00e7onnerait ou aurait connaissance \u00e0 tout moment de l'enregistrement ou de l'envoi de donn\u00e9es par un mineur, elle proc\u00e9dera \u00e0 l'annulation de l'enregistrement et emp\u00eachera l'acc\u00e8s ou l'utilisation des produits, services ou contenus correspondants par cette personne.<\/p><p>\u2022 Vous garantissez que vous avez inform\u00e9 les tiers auxquels vous fournissez vos donn\u00e9es, le cas \u00e9ch\u00e9ant, des aspects contenus dans le pr\u00e9sent document. De m\u00eame, vous garantissez avoir obtenu leur autorisation pour fournir leurs donn\u00e9es \u00e0 l'Asociaci\u00f3n tur\u00edstica Tablas de Daimiel aux fins susmentionn\u00e9es.<\/p><p>\u2022 Vous serez responsable de toute information fausse ou inexacte que vous fournirez par le biais du site Web et de tout dommage, direct ou indirect, que cela pourrait causer \u00e0 Asociaci\u00f3n tur\u00edstica Tablas de Daimiel ou \u00e0 des tiers.<\/p><p><strong>\u00a0<\/strong><\/p><p><strong>LES COMMUNICATIONS COMMERCIALES ET PROMOTIONNELLES.<\/strong><\/p><p>L'une des finalit\u00e9s du traitement par l'association touristique des Tablas de Daimiel des donn\u00e9es personnelles fournies par les utilisateurs est l'envoi de communications \u00e9lectroniques contenant des informations relatives \u00e0 des produits, des services, des promotions, des offres, des \u00e9v\u00e9nements ou des nouvelles d'int\u00e9r\u00eat pour les utilisateurs. Toute communication de ce type sera adress\u00e9e uniquement et exclusivement aux utilisateurs qui auront pr\u00e9alablement donn\u00e9 leur accord pour la recevoir.<\/p><p>Si l'utilisateur souhaite ne plus recevoir de communications commerciales ou promotionnelles de la part de l'Asociaci\u00f3n tur\u00edstica Tablas de Daimiel, il peut demander l'annulation du service en cliquant sur le lien inclus dans la communication \u00e9lectronique ou en envoyant un courrier \u00e9lectronique \u00e0 l'adresse suivante :\u00a0<a style=\"font-family: Mulish; text-align: center; background-color: #fffefe;\" href=\"mailto:presidente.attd@gmail.com\">presidente.attd@gmail.com<\/a><\/p><p><strong>\u00a0<\/strong><\/p><p><strong>DROITS DES UTILISATEURS.<\/strong><\/p><p>L'utilisateur peut envoyer une demande par courrier \u00e9lectronique \u00e0\u00a0<a style=\"font-family: Mulish; text-align: center; background-color: #fffefe;\" href=\"mailto:presidente.attd@gmail.com\">presidente.attd@gmail.com<\/a>, la r\u00e9f\u00e9rence \"protection des donn\u00e9es\", en joignant une photocopie de votre pi\u00e8ce d'identit\u00e9 si vous \u00eates une personne physique ou en joignant un document d'entreprise, \u00e0 tout moment et gratuitement, \u00e0 :<\/p><p>\u2022 Revoke consents granted.<\/p><p>\u2022 Acc\u00e9der \u00e0 vos donn\u00e9es<\/p><p>\u2022 Rectifier les donn\u00e9es inexactes ou incompl\u00e8tes.<\/p><p>\u2022 Demander la suppression de vos donn\u00e9es lorsque, entre autres raisons, les donn\u00e9es ne sont plus n\u00e9cessaires aux fins pour lesquelles elles ont \u00e9t\u00e9 collect\u00e9es.<\/p><p>\u2022 Obtenir de l'association touristique des Tablas de Daimiel la limitation du traitement des donn\u00e9es lorsque l'une des conditions pr\u00e9vues par la r\u00e9glementation relative \u00e0 la protection des donn\u00e9es est remplie.<\/p><p>\u2022 Demander la portabilit\u00e9 de vos donn\u00e9es.<\/p><p>\u2022 R\u00e9clamation aupr\u00e8s de l'Agence espagnole de protection des donn\u00e9es (AEPD), par le biais du site Web www.aepd.es, lorsque vous consid\u00e9rez que l'Association touristique des Tablas de Daimiel a enfreint les droits reconnus par la r\u00e9glementation applicable en mati\u00e8re de protection des donn\u00e9es.<\/p><p><span style=\"color: var(--text-1); font-family: var(--font-text);\">Association touristique Tablas de Daimiel<\/span>\u00a0r\u00e9pond \u00e0 la demande et informe l'utilisateur de la suite donn\u00e9e dans un d\u00e9lai d'un mois \u00e0 compter de la r\u00e9ception de la demande. Ce d\u00e9lai peut \u00eatre prolong\u00e9 de deux mois suppl\u00e9mentaires au maximum si n\u00e9cessaire, en tenant compte de la complexit\u00e9 et du nombre de demandes.<\/p><p><span style=\"color: var(--text-1); font-family: var(--font-text);\">Association touristique Tablas de Daimiel<\/span> informera l'utilisateur de cette prolongation dans un d\u00e9lai d'un mois \u00e0 compter de la r\u00e9ception de la demande. Asociaci\u00f3n tur\u00edstica Tablas de Daimiel r\u00e9pondra aux demandes par le m\u00eame canal que celui utilis\u00e9 par l'utilisateur, sauf indication contraire de ce dernier.<\/p>\t\t\t\t\t\t<\/div>\n\t\t\t\t<\/div>\n\t\t\t\t\t<\/div>\n\t\t<\/div>\n\t\t\t\t\t\t\t<\/div>\n\t\t<\/section>\n\t\t\t\t\t\t\t<\/div>","protected":false},"excerpt":{"rendered":"<p>Pol\u00edtica de privacidad IDENTIFICACI\u00d3N DEL RESPONSABLE DEL TRATAMIENTO. \u2022Titular: Asociaci\u00f3n tur\u00edstica Tablas de Daimiel \u2022NIF\/CIF: G13512298 \u2022Direcci\u00f3n:\u00a0Calle Antonio L\u00f3pez, 14,\u00a0Daimiel Ciudad Real,\u00a013250 \u2022Tel\u00e9fono: +34\u00a0606 40 12 78 \u2022Correo:\u00a0presidente.attd@gmail.com \u00a0 INFORMACI\u00d3N Mediante la aceptaci\u00f3n de la presente Pol\u00edtica de Privacidad, el usuario (en adelante el \u201cUsuario\u201d) queda informado y presta su consentimiento libre, informado, espec\u00edfico e [&hellip;]<\/p>","protected":false},"author":1,"featured_media":0,"parent":0,"menu_order":0,"comment_status":"closed","ping_status":"closed","template":"","meta":[],"_links":{"self":[{"href":"https:\/\/daimielturismo.com\/fr\/wp-json\/wp\/v2\/pages\/12537"}],"collection":[{"href":"https:\/\/daimielturismo.com\/fr\/wp-json\/wp\/v2\/pages"}],"about":[{"href":"https:\/\/daimielturismo.com\/fr\/wp-json\/wp\/v2\/types\/page"}],"author":[{"embeddable":true,"href":"https:\/\/daimielturismo.com\/fr\/wp-json\/wp\/v2\/users\/1"}],"replies":[{"embeddable":true,"href":"https:\/\/daimielturismo.com\/fr\/wp-json\/wp\/v2\/comments?post=12537"}],"version-history":[{"count":7,"href":"https:\/\/daimielturismo.com\/fr\/wp-json\/wp\/v2\/pages\/12537\/revisions"}],"predecessor-version":[{"id":12599,"href":"https:\/\/daimielturismo.com\/fr\/wp-json\/wp\/v2\/pages\/12537\/revisions\/12599"}],"wp:attachment":[{"href":"https:\/\/daimielturismo.com\/fr\/wp-json\/wp\/v2\/media?parent=12537"}],"curies":[{"name":"wp","href":"https:\/\/api.w.org\/{rel}","templated":true}]}}