{"id":12539,"date":"2023-01-31T12:47:17","date_gmt":"2023-01-31T11:47:17","guid":{"rendered":"https:\/\/daimiel.desarrollopaginaweb.es\/?page_id=12539"},"modified":"2023-01-31T13:58:17","modified_gmt":"2023-01-31T12:58:17","slug":"politica-de-cookies","status":"publish","type":"page","link":"https:\/\/daimielturismo.com\/fr\/politica-de-cookies\/","title":{"rendered":"Politique des cookies"},"content":{"rendered":"<div data-elementor-type=\"wp-page\" data-elementor-id=\"12539\" class=\"elementor elementor-12539\">\n\t\t\t\t\t\t\t\t\t<section class=\"elementor-section elementor-top-section elementor-element elementor-element-448ae868 elementor-section-boxed elementor-section-height-default elementor-section-height-default\" data-id=\"448ae868\" data-element_type=\"section\" data-settings=\"{&quot;background_background&quot;:&quot;classic&quot;}\">\n\t\t\t\t\t\t<div class=\"elementor-container elementor-column-gap-default\">\n\t\t\t\t\t<div class=\"elementor-column elementor-col-100 elementor-top-column elementor-element elementor-element-7da928db\" data-id=\"7da928db\" data-element_type=\"column\">\n\t\t\t<div class=\"elementor-widget-wrap elementor-element-populated\">\n\t\t\t\t\t\t\t\t<div class=\"elementor-element elementor-element-1fb3f2df elementor-widget elementor-widget-spacer\" data-id=\"1fb3f2df\" data-element_type=\"widget\" data-widget_type=\"spacer.default\">\n\t\t\t\t<div class=\"elementor-widget-container\">\n\t\t\t\t\t<div class=\"elementor-spacer\">\n\t\t\t<div class=\"elementor-spacer-inner\"><\/div>\n\t\t<\/div>\n\t\t\t\t<\/div>\n\t\t\t\t<\/div>\n\t\t\t\t<div class=\"elementor-element elementor-element-20db4c2e elementor-widget elementor-widget-heading\" data-id=\"20db4c2e\" data-element_type=\"widget\" data-widget_type=\"heading.default\">\n\t\t\t\t<div class=\"elementor-widget-container\">\n\t\t\t<h2 class=\"elementor-heading-title elementor-size-default\">Avis juridique<\/h2>\t\t<\/div>\n\t\t\t\t<\/div>\n\t\t\t\t<div class=\"elementor-element elementor-element-1aa13b89 elementor-widget elementor-widget-spacer\" data-id=\"1aa13b89\" data-element_type=\"widget\" data-widget_type=\"spacer.default\">\n\t\t\t\t<div class=\"elementor-widget-container\">\n\t\t\t\t\t<div class=\"elementor-spacer\">\n\t\t\t<div class=\"elementor-spacer-inner\"><\/div>\n\t\t<\/div>\n\t\t\t\t<\/div>\n\t\t\t\t<\/div>\n\t\t\t\t\t<\/div>\n\t\t<\/div>\n\t\t\t\t\t\t\t<\/div>\n\t\t<\/section>\n\t\t\t\t<section class=\"elementor-section elementor-top-section elementor-element elementor-element-28e44b8e elementor-section-boxed elementor-section-height-default elementor-section-height-default\" data-id=\"28e44b8e\" data-element_type=\"section\">\n\t\t\t\t\t\t<div class=\"elementor-container elementor-column-gap-default\">\n\t\t\t\t\t<div class=\"elementor-column elementor-col-100 elementor-top-column elementor-element elementor-element-19ed0ef8\" data-id=\"19ed0ef8\" data-element_type=\"column\">\n\t\t\t<div class=\"elementor-widget-wrap elementor-element-populated\">\n\t\t\t\t\t\t\t\t<div class=\"elementor-element elementor-element-5a8b0765 elementor-widget elementor-widget-text-editor\" data-id=\"5a8b0765\" data-element_type=\"widget\" data-widget_type=\"text-editor.default\">\n\t\t\t\t<div class=\"elementor-widget-container\">\n\t\t\t\t\t\t\t<p>Un cookie est un fichier texte qui est stock\u00e9 sur votre ordinateur ou votre appareil mobile par un serveur web et seul ce serveur sera en mesure de r\u00e9cup\u00e9rer ou de lire le contenu du cookie et de permettre au site web de se souvenir des pr\u00e9f\u00e9rences de navigation et de naviguer efficacement. Les cookies rendent l'interaction entre l'utilisateur et le site web plus rapide et plus facile.<br \/><br \/><\/p><p><strong>Informations g\u00e9n\u00e9rales<\/strong><br \/>Ce site web utilise des cookies. Les cookies sont de petits fichiers texte g\u00e9n\u00e9r\u00e9s par les pages web que vous visitez et qui contiennent des donn\u00e9es de session susceptibles d'\u00eatre utiles ult\u00e9rieurement sur le site web. De cette mani\u00e8re, ce site web retient des informations sur votre visite, ce qui peut faciliter votre prochaine visite et rendre le site web plus utile pour vous.<br \/><br \/><\/p><p><strong>Comment fonctionnent les cookies ?<\/strong><br \/>Les cookies ne peuvent stocker que du texte, qui est g\u00e9n\u00e9ralement toujours anonyme et crypt\u00e9. Aucune information personnelle n'est stock\u00e9e dans un cookie et aucun cookie ne peut \u00eatre associ\u00e9 \u00e0 une personne identifi\u00e9e ou identifiable.<br \/>Ces donn\u00e9es permettent \u00e0 ce site web de conserver vos informations d'une page \u00e0 l'autre et d'analyser la mani\u00e8re dont vous interagissez avec le site web. Les cookies sont s\u00fbrs car ils ne peuvent stocker que les informations mises en place par le navigateur, c'est-\u00e0-dire les informations que l'utilisateur a saisies dans le navigateur ou celles qui sont incluses dans la demande de page. Ils ne peuvent pas ex\u00e9cuter de code et ne peuvent pas \u00eatre utilis\u00e9s pour acc\u00e9der \u00e0 votre ordinateur. Si un site web crypte les informations des cookies, seul le site web peut lire ces informations.<br \/><br \/><\/p><p><strong>Politique en mati\u00e8re de cookies<\/strong><br \/>Les cookies utilis\u00e9s par ce site web peuvent \u00eatre distingu\u00e9s selon les crit\u00e8res suivants :<br \/><br \/><\/p><p>1) Types de cookies en fonction de l'entit\u00e9 qui les g\u00e8re :<br \/>En fonction de l'entit\u00e9 qui g\u00e8re l'\u00e9quipement ou le domaine \u00e0 partir duquel les cookies sont envoy\u00e9s et qui traite les donn\u00e9es obtenues, nous pouvons faire une distinction :<br \/><br \/><\/p><p>Own Cookies : Ce sont ceux qui sont envoy\u00e9s \u00e0 l'\u00e9quipement terminal de l'utilisateur \u00e0 partir d'un ordinateur ou d'un domaine g\u00e9r\u00e9 par l'\u00e9diteur lui-m\u00eame et \u00e0 partir duquel le service demand\u00e9 par l'utilisateur est fourni.<br \/><br \/><\/p><p>Cookies de tiers : Ce sont ceux qui sont envoy\u00e9s \u00e0 l'\u00e9quipement terminal de l'utilisateur \u00e0 partir d'un ordinateur ou d'un domaine qui n'est pas g\u00e9r\u00e9 par l'\u00e9diteur, mais par une autre entit\u00e9 qui traite les donn\u00e9es obtenues par le biais des cookies.<br \/>Dans le cas o\u00f9 les cookies sont install\u00e9s \u00e0 partir d'un ordinateur ou d'un domaine g\u00e9r\u00e9 par l'\u00e9diteur lui-m\u00eame mais que les informations collect\u00e9es \u00e0 travers eux sont g\u00e9r\u00e9es par un tiers, ils ne peuvent pas \u00eatre consid\u00e9r\u00e9s comme des cookies propres.<br \/><br \/><\/p><p>2. les types de cookies en fonction de la dur\u00e9e pendant laquelle ils restent activ\u00e9s :<br \/>En fonction de la dur\u00e9e pendant laquelle ils restent activ\u00e9s dans l'\u00e9quipement terminal, on peut faire une distinction :<br \/><br \/><\/p><p>Cookies de session : il s'agit d'un type de cookie con\u00e7u pour collecter et stocker des donn\u00e9es pendant que l'utilisateur acc\u00e8de \u00e0 un site web. Ils sont g\u00e9n\u00e9ralement utilis\u00e9s pour stocker des informations qui ne doivent \u00eatre conserv\u00e9es que pour la fourniture du service demand\u00e9 par l'utilisateur \u00e0 une seule occasion (par exemple, une liste de produits achet\u00e9s).<br \/><br \/><\/p><p>Cookies persistants : il s'agit d'un type de cookie dans lequel les donn\u00e9es restent stock\u00e9es dans le terminal et peuvent \u00eatre consult\u00e9es et trait\u00e9es pendant une p\u00e9riode d\u00e9finie par le responsable du cookie, qui peut aller de quelques minutes \u00e0 plusieurs ann\u00e9es.<br \/><br \/><\/p><p>3. les types de cookies en fonction de leur finalit\u00e9 :<br \/>En fonction de la finalit\u00e9 du traitement des donn\u00e9es obtenues par le biais des cookies, on peut faire la distinction entre<br \/><br \/><\/p><p>Cookies techniques : Ce sont ceux qui permettent \u00e0 l'utilisateur de naviguer sur un site web, une plateforme ou une application et d'utiliser les diff\u00e9rentes options ou services qui y existent comme, par exemple, contr\u00f4ler le trafic et la communication de donn\u00e9es, identifier la session, acc\u00e9der \u00e0 des parties \u00e0 acc\u00e8s restreint, m\u00e9moriser les \u00e9l\u00e9ments qui composent une commande, effectuer le processus d'achat d'une commande, effectuer la demande d'inscription ou de participation \u00e0 un \u00e9v\u00e9nement, utiliser des fonctions de s\u00e9curit\u00e9 pendant la navigation, stocker des contenus pour diffuser des vid\u00e9os ou du son ou partager des contenus via les r\u00e9seaux sociaux.<br \/><br \/><\/p><p>Cookies de personnalisation : Ces cookies permettent \u00e0 l'utilisateur d'acc\u00e9der au service avec certaines caract\u00e9ristiques g\u00e9n\u00e9rales pr\u00e9d\u00e9finies en fonction d'une s\u00e9rie de crit\u00e8res pr\u00e9sents dans le terminal de l'utilisateur, tels que la langue, le type de navigateur utilis\u00e9 pour acc\u00e9der au service, la configuration r\u00e9gionale \u00e0 partir de laquelle on acc\u00e8de au service, etc.<br \/><br \/><\/p><p>Cookies d'analyse : Ces cookies permettent au responsable de surveiller et d'analyser le comportement des utilisateurs des sites web auxquels ils sont li\u00e9s. Les informations collect\u00e9es par ce type de cookies sont utilis\u00e9es pour mesurer l'activit\u00e9 des sites web, de l'application ou de la plateforme et pour l'\u00e9laboration de profils de navigation des utilisateurs de ces sites, applications et plateformes, afin d'introduire des am\u00e9liorations bas\u00e9es sur l'analyse des donn\u00e9es relatives \u00e0 l'utilisation faite par les utilisateurs du service.<br \/><br \/><\/p><p><strong>Outil de gestion des cookies<\/strong><br \/>Ce site utilise Google Analytics.<br \/><br \/><\/p><p>Google Analytics est un outil gratuit d'analyse de site web de Google qui permet principalement aux propri\u00e9taires de sites web de comprendre comment les utilisateurs interagissent avec leur site. Il active \u00e9galement les cookies sur le domaine du site sur lequel vous vous trouvez et utilise un ensemble de cookies appel\u00e9s \"__utma\" et \"__utmz\" pour collecter des informations de mani\u00e8re anonyme et rendre compte des tendances du site web sans identifier les utilisateurs individuels.<br \/><br \/><\/p><p>Nous utilisons des cookies pour \u00e9tablir des statistiques sur l'utilisation de ce site web afin de conna\u00eetre le niveau de r\u00e9currence de nos visiteurs et les contenus les plus int\u00e9ressants. Nous pouvons ainsi concentrer nos efforts sur l'am\u00e9lioration des zones les plus visit\u00e9es et permettre aux utilisateurs de trouver plus facilement ce qu'ils recherchent. Sur ce site web, les informations relatives \u00e0 votre visite peuvent \u00eatre utilis\u00e9es pour des \u00e9valuations statistiques et des calculs bas\u00e9s sur des donn\u00e9es anonymes, ainsi que pour assurer la continuit\u00e9 du service ou pour apporter des am\u00e9liorations \u00e0 ses sites web. Pour plus de d\u00e9tails, veuillez consulter le lien suivant vers la politique de confidentialit\u00e9 <a href=\"http:\/\/www.google.com\/intl\/es\/policies\/privacy\/\" target=\"_blank\" rel=\"noopener\">http:\/\/www.google.com\/intl\/es\/policies\/privacy\/<\/a><br \/><br \/><\/p><p><strong>Comment g\u00e9rer les cookies sur votre ordinateur : d\u00e9sactiver et supprimer les cookies<\/strong><\/p><p>Tous les navigateurs Internet vous permettent de limiter le comportement d'un cookie ou de d\u00e9sactiver les cookies dans les param\u00e8tres ou les options de votre navigateur. La marche \u00e0 suivre diff\u00e8re d'un navigateur \u00e0 l'autre. Vous trouverez des instructions dans le menu d'aide de votre navigateur.<br \/><br \/><\/p><p>Si vous n'acceptez pas l'utilisation de cookies, car il est possible gr\u00e2ce aux menus de pr\u00e9f\u00e9rences ou aux param\u00e8tres de votre navigateur de les rejeter, ce site web continuera \u00e0 fonctionner correctement sans l'utilisation de cookies.<br \/>Vous pouvez autoriser, bloquer ou supprimer les cookies install\u00e9s sur votre ordinateur en configurant les options du navigateur install\u00e9 sur votre ordinateur :<br \/><br \/><\/p><p>Pour plus d'informations sur Internet Explorer, cliquez sur <a href=\"http:\/\/windows.microsoft.com\/es-es\/windows7\/how-to-manage-cookies-in-internet-explorer-9\" target=\"_blank\" rel=\"noopener\">ici<\/a> ou comment bloquer, activer ou autoriser les cookies appuyez sur <a href=\"http:\/\/windows.microsoft.com\/es-es\/windows7\/how-to-manage-cookies-in-internet-explorer-9\" target=\"_blank\" rel=\"noopener\">ici<\/a>.<br \/>Pour plus d'informations sur Chrome, cliquez sur <a href=\"https:\/\/support.google.com\/chrome\/answer\/95647?hl=es\" target=\"_blank\" rel=\"noopener\">ici<\/a>.<br \/>Pour plus d'informations sur Safari, cliquez sur <a href=\"http:\/\/support.apple.com\/kb\/HT1677?viewlocale=es_ES&amp;locale=es_ES\" target=\"_blank\" rel=\"noopener\">ici<\/a>.<br \/>Pour plus d'informations sur Firefox, cliquez sur <a href=\"http:\/\/support.mozilla.org\/es\/kb\/habilitar-y-deshabilitar-cookies-que-los-sitios-we\" target=\"_blank\" rel=\"noopener\">ici<\/a>.<br \/><br \/><\/p><p>Gr\u00e2ce \u00e0 votre navigateur, vous pouvez \u00e9galement voir les cookies qui se trouvent sur votre ordinateur et les supprimer si vous le souhaitez. Les cookies sont des fichiers texte, vous pouvez les ouvrir et en lire le contenu. Les donn\u00e9es qu'ils contiennent sont presque toujours crypt\u00e9es \u00e0 l'aide d'une cl\u00e9 num\u00e9rique qui correspond \u00e0 une session sur l'internet, de sorte qu'elles n'ont souvent aucune signification en dehors du site web qui les a \u00e9crites.<br \/><br \/><\/p><p><strong>Consentement \u00e9clair\u00e9<\/strong><br \/>L'utilisation de ce site web implique que vous donniez votre consentement expr\u00e8s et sans \u00e9quivoque \u00e0 l'utilisation de cookies, dans les termes et conditions \u00e9tablis dans la pr\u00e9sente politique de cookies, sans pr\u00e9judice des mesures de d\u00e9sactivation et d'\u00e9limination des cookies que vous pouvez adopter, et qui sont mentionn\u00e9es dans la section pr\u00e9c\u00e9dente.<\/p>\t\t\t\t\t\t<\/div>\n\t\t\t\t<\/div>\n\t\t\t\t\t<\/div>\n\t\t<\/div>\n\t\t\t\t\t\t\t<\/div>\n\t\t<\/section>\n\t\t\t\t\t\t\t<\/div>","protected":false},"excerpt":{"rendered":"<p>Aviso Legal Una cookie es un archivo de texto que se almacena en el ordenador o dispositivo m\u00f3vil mediante un servidor Web y tan solo ese servidor ser\u00e1 capaz de recuperar o leer el contenido de la cookie y permiten al Sitio Web recordar preferencias de navegaci\u00f3n y navegar de manera eficiente. Las cookies hacen [&hellip;]<\/p>","protected":false},"author":1,"featured_media":0,"parent":0,"menu_order":0,"comment_status":"closed","ping_status":"closed","template":"","meta":[],"_links":{"self":[{"href":"https:\/\/daimielturismo.com\/fr\/wp-json\/wp\/v2\/pages\/12539"}],"collection":[{"href":"https:\/\/daimielturismo.com\/fr\/wp-json\/wp\/v2\/pages"}],"about":[{"href":"https:\/\/daimielturismo.com\/fr\/wp-json\/wp\/v2\/types\/page"}],"author":[{"embeddable":true,"href":"https:\/\/daimielturismo.com\/fr\/wp-json\/wp\/v2\/users\/1"}],"replies":[{"embeddable":true,"href":"https:\/\/daimielturismo.com\/fr\/wp-json\/wp\/v2\/comments?post=12539"}],"version-history":[{"count":7,"href":"https:\/\/daimielturismo.com\/fr\/wp-json\/wp\/v2\/pages\/12539\/revisions"}],"predecessor-version":[{"id":12606,"href":"https:\/\/daimielturismo.com\/fr\/wp-json\/wp\/v2\/pages\/12539\/revisions\/12606"}],"wp:attachment":[{"href":"https:\/\/daimielturismo.com\/fr\/wp-json\/wp\/v2\/media?parent=12539"}],"curies":[{"name":"wp","href":"https:\/\/api.w.org\/{rel}","templated":true}]}}