{"id":12727,"date":"2023-02-03T16:43:03","date_gmt":"2023-02-03T15:43:03","guid":{"rendered":"https:\/\/daimiel.desarrollopaginaweb.es\/?page_id=12727"},"modified":"2024-11-04T11:00:59","modified_gmt":"2024-11-04T10:00:59","slug":"quienes-somos","status":"publish","type":"page","link":"https:\/\/daimielturismo.com\/fr\/quienes-somos\/","title":{"rendered":"Qui sommes-nous"},"content":{"rendered":"<div data-elementor-type=\"wp-page\" data-elementor-id=\"12727\" class=\"elementor elementor-12727\">\n\t\t\t\t\t\t\t\t\t<section class=\"elementor-section elementor-top-section elementor-element elementor-element-415bc26d elementor-section-boxed elementor-section-height-default elementor-section-height-default\" data-id=\"415bc26d\" data-element_type=\"section\" data-settings=\"{&quot;background_background&quot;:&quot;classic&quot;}\">\n\t\t\t\t\t\t<div class=\"elementor-container elementor-column-gap-default\">\n\t\t\t\t\t<div class=\"elementor-column elementor-col-100 elementor-top-column elementor-element elementor-element-21e45bc9\" data-id=\"21e45bc9\" data-element_type=\"column\">\n\t\t\t<div class=\"elementor-widget-wrap elementor-element-populated\">\n\t\t\t\t\t\t\t\t<div class=\"elementor-element elementor-element-2aea2467 elementor-widget elementor-widget-spacer\" data-id=\"2aea2467\" data-element_type=\"widget\" data-widget_type=\"spacer.default\">\n\t\t\t\t<div class=\"elementor-widget-container\">\n\t\t\t\t\t<div class=\"elementor-spacer\">\n\t\t\t<div class=\"elementor-spacer-inner\"><\/div>\n\t\t<\/div>\n\t\t\t\t<\/div>\n\t\t\t\t<\/div>\n\t\t\t\t<div class=\"elementor-element elementor-element-4f613fc8 elementor-widget elementor-widget-heading\" data-id=\"4f613fc8\" data-element_type=\"widget\" data-widget_type=\"heading.default\">\n\t\t\t\t<div class=\"elementor-widget-container\">\n\t\t\t<h2 class=\"elementor-heading-title elementor-size-default\">L'association<\/h2>\t\t<\/div>\n\t\t\t\t<\/div>\n\t\t\t\t<div class=\"elementor-element elementor-element-5388f3cb elementor-widget elementor-widget-spacer\" data-id=\"5388f3cb\" data-element_type=\"widget\" data-widget_type=\"spacer.default\">\n\t\t\t\t<div class=\"elementor-widget-container\">\n\t\t\t\t\t<div class=\"elementor-spacer\">\n\t\t\t<div class=\"elementor-spacer-inner\"><\/div>\n\t\t<\/div>\n\t\t\t\t<\/div>\n\t\t\t\t<\/div>\n\t\t\t\t\t<\/div>\n\t\t<\/div>\n\t\t\t\t\t\t\t<\/div>\n\t\t<\/section>\n\t\t\t\t<section class=\"elementor-section elementor-top-section elementor-element elementor-element-4661a5e8 elementor-section-boxed elementor-section-height-default elementor-section-height-default\" data-id=\"4661a5e8\" data-element_type=\"section\" data-settings=\"{&quot;background_background&quot;:&quot;classic&quot;}\">\n\t\t\t\t\t\t<div class=\"elementor-container elementor-column-gap-default\">\n\t\t\t\t\t<div class=\"elementor-column elementor-col-100 elementor-top-column elementor-element elementor-element-28cc5676\" data-id=\"28cc5676\" data-element_type=\"column\">\n\t\t\t<div class=\"elementor-widget-wrap elementor-element-populated\">\n\t\t\t\t\t\t\t\t<div class=\"elementor-element elementor-element-31a13fd0 elementor-widget elementor-widget-spacer\" data-id=\"31a13fd0\" data-element_type=\"widget\" data-widget_type=\"spacer.default\">\n\t\t\t\t<div class=\"elementor-widget-container\">\n\t\t\t\t\t<div class=\"elementor-spacer\">\n\t\t\t<div class=\"elementor-spacer-inner\"><\/div>\n\t\t<\/div>\n\t\t\t\t<\/div>\n\t\t\t\t<\/div>\n\t\t\t\t<div class=\"elementor-element elementor-element-19245073 elementor-widget elementor-widget-text-editor\" data-id=\"19245073\" data-element_type=\"widget\" data-widget_type=\"text-editor.default\">\n\t\t\t\t<div class=\"elementor-widget-container\">\n\t\t\t\t\t\t\t<p>L'association touristique Tablas de Daimiel est une association d'entreprises compos\u00e9e d'\u00e9tablissements touristiques engag\u00e9s dans la qualit\u00e9, la durabilit\u00e9 et le tourisme responsable.<\/p><p>\u00a0<\/p><p>Depuis notre cr\u00e9ation en 2010, nous travaillons \u00e0 promouvoir et \u00e0 consolider la qualit\u00e9 du tourisme dans notre destination. C'est pourquoi Daimiel a re\u00e7u le label \"Engagement pour un tourisme de qualit\u00e9 dans la destination\".<\/p><p>\u00a0<\/p><p>Nous travaillons \u00e0 la promotion de l'\u00e9cotourisme, nous sommes membres de l'Association espagnole d'\u00e9cotourisme (<a href=\"http:\/\/soyecoturista.com\">soyecoturista.com<\/a>), c'est pourquoi nous sommes pr\u00e9occup\u00e9s par l'incorporation du label de durabilit\u00e9 touristique dans le r\u00e9seau Natura 2000, garantie de cette durabilit\u00e9 et de la responsabilit\u00e9 touristique.<\/p><p>\u00a0<\/p><p>Nous essayons de d\u00e9saisonnaliser notre tourisme, en organisant des \u00e9v\u00e9nements tels que le week-end \"Daimiel, Pueblo de Brujas\", ou les routes des tapas qui sont organis\u00e9es diff\u00e9rents week-ends tout au long de l'ann\u00e9e.<\/p><p>\u00a0<\/p><p>Nous sommes des interlocuteurs valables pour la mairie de Daimiel, en tant que membres du conseil municipal du tourisme, et pour le parc national des Tablas de Daimiel, en tant qu'invit\u00e9s du conseil d'administration du parc national.<\/p><p>\u00a0<\/p><p>Nous nous battons avec des mots et de mani\u00e8re calme pour montrer les probl\u00e8mes d'eau auxquels notre parc national est confront\u00e9, et pour exiger que les solutions connues, convenues et existantes soient mises en \u0153uvre.<\/p><p>\u00a0<\/p><p>Nous travaillons pour le tourisme de Daimiel.<\/p>\t\t\t\t\t\t<\/div>\n\t\t\t\t<\/div>\n\t\t\t\t<div class=\"elementor-element elementor-element-793a09f5 elementor-widget elementor-widget-spacer\" data-id=\"793a09f5\" data-element_type=\"widget\" data-widget_type=\"spacer.default\">\n\t\t\t\t<div class=\"elementor-widget-container\">\n\t\t\t\t\t<div class=\"elementor-spacer\">\n\t\t\t<div class=\"elementor-spacer-inner\"><\/div>\n\t\t<\/div>\n\t\t\t\t<\/div>\n\t\t\t\t<\/div>\n\t\t\t\t\t<\/div>\n\t\t<\/div>\n\t\t\t\t\t\t\t<\/div>\n\t\t<\/section>\n\t\t\t\t\t\t\t<\/div>","protected":false},"excerpt":{"rendered":"<p>La asociaci\u00f3n La Asociaci\u00f3n Tur\u00edstica Tablas de Daimiel es una asociaci\u00f3n empresarial formada por establecimientos tur\u00edsticos comprometidos con la calidad, la sostenibilidad y el turismo responsable. \u00a0 Desde nuestra fundaci\u00f3n en el 2010 trabajamos por impulsar y consolidad la calidad tur\u00edstica en nuestro destino, de ah\u00ed que Daimiel tenga disfrute del sello &#8216;Compromiso de Calidad [&hellip;]<\/p>","protected":false},"author":1,"featured_media":0,"parent":0,"menu_order":0,"comment_status":"closed","ping_status":"closed","template":"","meta":[],"_links":{"self":[{"href":"https:\/\/daimielturismo.com\/fr\/wp-json\/wp\/v2\/pages\/12727"}],"collection":[{"href":"https:\/\/daimielturismo.com\/fr\/wp-json\/wp\/v2\/pages"}],"about":[{"href":"https:\/\/daimielturismo.com\/fr\/wp-json\/wp\/v2\/types\/page"}],"author":[{"embeddable":true,"href":"https:\/\/daimielturismo.com\/fr\/wp-json\/wp\/v2\/users\/1"}],"replies":[{"embeddable":true,"href":"https:\/\/daimielturismo.com\/fr\/wp-json\/wp\/v2\/comments?post=12727"}],"version-history":[{"count":19,"href":"https:\/\/daimielturismo.com\/fr\/wp-json\/wp\/v2\/pages\/12727\/revisions"}],"predecessor-version":[{"id":13327,"href":"https:\/\/daimielturismo.com\/fr\/wp-json\/wp\/v2\/pages\/12727\/revisions\/13327"}],"wp:attachment":[{"href":"https:\/\/daimielturismo.com\/fr\/wp-json\/wp\/v2\/media?parent=12727"}],"curies":[{"name":"wp","href":"https:\/\/api.w.org\/{rel}","templated":true}]}}